{"id":80,"date":"2023-09-20T19:15:10","date_gmt":"2023-09-20T19:15:10","guid":{"rendered":"https:\/\/nueva.cbint.org\/?page_id=80"},"modified":"2023-10-05T13:24:17","modified_gmt":"2023-10-05T13:24:17","slug":"conectate","status":"publish","type":"page","link":"https:\/\/nueva.cbint.org\/?page_id=80","title":{"rendered":"CON\u00c9CTATE"},"content":{"rendered":"\t\t<div data-elementor-type=\"wp-page\" data-elementor-id=\"80\" class=\"elementor elementor-80\">\n\t\t\t\t<div class=\"elementor-element elementor-element-3b934fa e-flex e-con-boxed e-con e-parent\" data-id=\"3b934fa\" data-element_type=\"container\" data-settings=\"{&quot;background_background&quot;:&quot;classic&quot;}\">\n\t\t\t\t\t<div class=\"e-con-inner\">\n\t\t\t\t<div class=\"elementor-element elementor-element-07ce3fb elementor-invisible elementor-widget elementor-widget-heading\" data-id=\"07ce3fb\" data-element_type=\"widget\" data-settings=\"{&quot;_animation&quot;:&quot;fadeIn&quot;}\" data-widget_type=\"heading.default\">\n\t\t\t\t<div class=\"elementor-widget-container\">\n\t\t\t\t\t<h2 class=\"elementor-heading-title elementor-size-default\">\u00bfTe gustar\u00eda tener amigos?<\/h2>\t\t\t\t<\/div>\n\t\t\t\t<\/div>\n\t\t\t\t\t<\/div>\n\t\t\t\t<\/div>\n\t\t\t\t<section class=\"elementor-section elementor-top-section elementor-element elementor-element-dd49724 elementor-section-height-min-height elementor-section-content-middle elementor-section-boxed elementor-section-height-default elementor-section-items-middle\" data-id=\"dd49724\" data-element_type=\"section\" data-settings=\"{&quot;background_background&quot;:&quot;classic&quot;}\">\n\t\t\t\t\t\t<div class=\"elementor-container elementor-column-gap-default\">\n\t\t\t\t\t<div class=\"elementor-column elementor-col-100 elementor-top-column elementor-element elementor-element-169af63\" data-id=\"169af63\" data-element_type=\"column\">\n\t\t\t<div class=\"elementor-widget-wrap elementor-element-populated\">\n\t\t\t\t\t\t<div class=\"elementor-element elementor-element-b8638bb elementor-widget elementor-widget-text-editor\" data-id=\"b8638bb\" data-element_type=\"widget\" data-widget_type=\"text-editor.default\">\n\t\t\t\t<div class=\"elementor-widget-container\">\n\t\t\t\t\t\t\t\t\t<p>\u00a1Estamos emocionados que est\u00e9s aqu\u00ed!<br \/>En CBI creemos que estar juntos es mejor. Nuestro mayor deseo es ayudarte en tu crecimiento espiritual y que descubras<br \/>todo lo bueno que Dios tiene para ti.<\/p>\t\t\t\t\t\t\t\t<\/div>\n\t\t\t\t<\/div>\n\t\t\t\t<div class=\"elementor-element elementor-element-a2ddaad elementor-invisible elementor-widget elementor-widget-heading\" data-id=\"a2ddaad\" data-element_type=\"widget\" data-settings=\"{&quot;_animation&quot;:&quot;fadeInDown&quot;}\" data-widget_type=\"heading.default\">\n\t\t\t\t<div class=\"elementor-widget-container\">\n\t\t\t\t\t<h2 class=\"elementor-heading-title elementor-size-default\">Prs Rafael y Adriana G\u00f3mez<\/h2>\t\t\t\t<\/div>\n\t\t\t\t<\/div>\n\t\t\t\t\t<\/div>\n\t\t<\/div>\n\t\t\t\t\t<\/div>\n\t\t<\/section>\n\t\t\t\t<section class=\"elementor-section elementor-top-section elementor-element elementor-element-4fcd222 elementor-section-height-min-height elementor-section-content-middle elementor-section-boxed elementor-section-height-default elementor-section-items-middle\" data-id=\"4fcd222\" data-element_type=\"section\" data-settings=\"{&quot;background_background&quot;:&quot;classic&quot;}\">\n\t\t\t\t\t\t<div class=\"elementor-container elementor-column-gap-default\">\n\t\t\t\t\t<div class=\"elementor-column elementor-col-50 elementor-top-column elementor-element elementor-element-538b400\" data-id=\"538b400\" data-element_type=\"column\">\n\t\t\t<div class=\"elementor-widget-wrap elementor-element-populated\">\n\t\t\t\t\t\t<div class=\"elementor-element elementor-element-f0e303d elementor-widget elementor-widget-spacer\" data-id=\"f0e303d\" data-element_type=\"widget\" data-widget_type=\"spacer.default\">\n\t\t\t\t<div class=\"elementor-widget-container\">\n\t\t\t\t\t\t\t<div class=\"elementor-spacer\">\n\t\t\t<div class=\"elementor-spacer-inner\"><\/div>\n\t\t<\/div>\n\t\t\t\t\t\t<\/div>\n\t\t\t\t<\/div>\n\t\t\t\t<div class=\"elementor-element elementor-element-17f17d6 elementor-invisible elementor-widget elementor-widget-image\" data-id=\"17f17d6\" data-element_type=\"widget\" data-settings=\"{&quot;_animation&quot;:&quot;fadeInLeft&quot;}\" data-widget_type=\"image.default\">\n\t\t\t\t<div class=\"elementor-widget-container\">\n\t\t\t\t\t\t\t\t\t\t\t\t\t\t\t<img fetchpriority=\"high\" decoding=\"async\" width=\"800\" height=\"800\" src=\"https:\/\/nueva.cbint.org\/wp-content\/uploads\/2023\/10\/338715897_623936206219498_2347936772323368524_n-1024x1024.jpg\" class=\"attachment-large size-large wp-image-300\" alt=\"\" srcset=\"https:\/\/nueva.cbint.org\/wp-content\/uploads\/2023\/10\/338715897_623936206219498_2347936772323368524_n-1024x1024.jpg 1024w, https:\/\/nueva.cbint.org\/wp-content\/uploads\/2023\/10\/338715897_623936206219498_2347936772323368524_n-300x300.jpg 300w, https:\/\/nueva.cbint.org\/wp-content\/uploads\/2023\/10\/338715897_623936206219498_2347936772323368524_n-100x100.jpg 100w, https:\/\/nueva.cbint.org\/wp-content\/uploads\/2023\/10\/338715897_623936206219498_2347936772323368524_n-600x600.jpg 600w, https:\/\/nueva.cbint.org\/wp-content\/uploads\/2023\/10\/338715897_623936206219498_2347936772323368524_n-150x150.jpg 150w, https:\/\/nueva.cbint.org\/wp-content\/uploads\/2023\/10\/338715897_623936206219498_2347936772323368524_n-768x768.jpg 768w, https:\/\/nueva.cbint.org\/wp-content\/uploads\/2023\/10\/338715897_623936206219498_2347936772323368524_n.jpg 1417w\" sizes=\"(max-width: 800px) 100vw, 800px\" \/>\t\t\t\t\t\t\t\t\t\t\t\t\t\t\t<\/div>\n\t\t\t\t<\/div>\n\t\t\t\t\t<\/div>\n\t\t<\/div>\n\t\t\t\t<div class=\"elementor-column elementor-col-50 elementor-top-column elementor-element elementor-element-43776d4\" data-id=\"43776d4\" data-element_type=\"column\">\n\t\t\t<div class=\"elementor-widget-wrap elementor-element-populated\">\n\t\t\t\t\t\t<div class=\"elementor-element elementor-element-5954041 elementor-invisible elementor-widget elementor-widget-heading\" data-id=\"5954041\" data-element_type=\"widget\" data-settings=\"{&quot;_animation&quot;:&quot;fadeInDown&quot;}\" data-widget_type=\"heading.default\">\n\t\t\t\t<div class=\"elementor-widget-container\">\n\t\t\t\t\t<h2 class=\"elementor-heading-title elementor-size-default\">Consejer\u00eda &amp; Oraci\u00f3n<\/h2>\t\t\t\t<\/div>\n\t\t\t\t<\/div>\n\t\t\t\t<div class=\"elementor-element elementor-element-ee056fe elementor-widget elementor-widget-text-editor\" data-id=\"ee056fe\" data-element_type=\"widget\" data-widget_type=\"text-editor.default\">\n\t\t\t\t<div class=\"elementor-widget-container\">\n\t\t\t\t\t\t\t\t\t<p>Sabemos el poder que tiene la oraci\u00f3n y por eso queremos orar por ti y tu familia, nuestro equipo de intercesi\u00f3n tomar\u00e1 tu petici\u00f3n y elevar\u00e1 una oraci\u00f3n a Dios, creemos que \u00c9l te dar\u00e1 una respuesta.<\/p>\t\t\t\t\t\t\t\t<\/div>\n\t\t\t\t<\/div>\n\t\t\t\t<div class=\"elementor-element elementor-element-131bbb4 elementor-align-left elementor-widget elementor-widget-button\" data-id=\"131bbb4\" data-element_type=\"widget\" data-widget_type=\"button.default\">\n\t\t\t\t<div class=\"elementor-widget-container\">\n\t\t\t\t\t\t\t\t\t<div class=\"elementor-button-wrapper\">\n\t\t\t\t\t<a class=\"elementor-button elementor-button-link elementor-size-lg\" href=\"https:\/\/docs.google.com\/forms\/d\/e\/1FAIpQLSevC-hQUcr7df018ciHqwniZjhL4esyuQiGdB_N8nsBQvaFHA\/viewform\">\n\t\t\t\t\t\t<span class=\"elementor-button-content-wrapper\">\n\t\t\t\t\t\t\t\t\t<span class=\"elementor-button-text\">ORAR POR M\u00cd<\/span>\n\t\t\t\t\t<\/span>\n\t\t\t\t\t<\/a>\n\t\t\t\t<\/div>\n\t\t\t\t\t\t\t\t<\/div>\n\t\t\t\t<\/div>\n\t\t\t\t\t<\/div>\n\t\t<\/div>\n\t\t\t\t\t<\/div>\n\t\t<\/section>\n\t\t\t\t<section class=\"elementor-section elementor-top-section elementor-element elementor-element-ec31cb4 elementor-section-height-min-height elementor-section-content-middle elementor-section-boxed elementor-section-height-default elementor-section-items-middle\" data-id=\"ec31cb4\" data-element_type=\"section\" data-settings=\"{&quot;background_background&quot;:&quot;classic&quot;}\">\n\t\t\t\t\t\t<div class=\"elementor-container elementor-column-gap-default\">\n\t\t\t\t\t<div class=\"elementor-column elementor-col-50 elementor-top-column elementor-element elementor-element-36c7f90\" data-id=\"36c7f90\" data-element_type=\"column\">\n\t\t\t<div class=\"elementor-widget-wrap elementor-element-populated\">\n\t\t\t\t\t\t<div class=\"elementor-element elementor-element-89f4d2a elementor-widget elementor-widget-spacer\" data-id=\"89f4d2a\" data-element_type=\"widget\" data-widget_type=\"spacer.default\">\n\t\t\t\t<div class=\"elementor-widget-container\">\n\t\t\t\t\t\t\t<div class=\"elementor-spacer\">\n\t\t\t<div class=\"elementor-spacer-inner\"><\/div>\n\t\t<\/div>\n\t\t\t\t\t\t<\/div>\n\t\t\t\t<\/div>\n\t\t\t\t<div class=\"elementor-element elementor-element-b5a22d9 elementor-invisible elementor-widget elementor-widget-heading\" data-id=\"b5a22d9\" data-element_type=\"widget\" data-settings=\"{&quot;_animation&quot;:&quot;fadeInDown&quot;}\" data-widget_type=\"heading.default\">\n\t\t\t\t<div class=\"elementor-widget-container\">\n\t\t\t\t\t<h2 class=\"elementor-heading-title elementor-size-default\">Nuevos Amigos<\/h2>\t\t\t\t<\/div>\n\t\t\t\t<\/div>\n\t\t\t\t<div class=\"elementor-element elementor-element-12e6935 elementor-widget elementor-widget-text-editor\" data-id=\"12e6935\" data-element_type=\"widget\" data-widget_type=\"text-editor.default\">\n\t\t\t\t<div class=\"elementor-widget-container\">\n\t\t\t\t\t\t\t\t\t<p>En las c\u00e9lulas y los grupos de amistad encontrar\u00e1s los amigos que est\u00e1s buscando para continuar creciendo en Dios, mientras te diviertes, aprendes y eres amado<\/p>\t\t\t\t\t\t\t\t<\/div>\n\t\t\t\t<\/div>\n\t\t\t\t<div class=\"elementor-element elementor-element-5b072df elementor-align-left elementor-widget elementor-widget-button\" data-id=\"5b072df\" data-element_type=\"widget\" data-widget_type=\"button.default\">\n\t\t\t\t<div class=\"elementor-widget-container\">\n\t\t\t\t\t\t\t\t\t<div class=\"elementor-button-wrapper\">\n\t\t\t\t\t<a class=\"elementor-button elementor-button-link elementor-size-lg\" href=\"https:\/\/docs.google.com\/forms\/d\/e\/1FAIpQLSd2WxonUpUUsoTNR9ujbCjAs685hgK7uBWJOZkLXVF-W34Kuw\/viewform\" id=\"NUEVOS AMIGOS\">\n\t\t\t\t\t\t<span class=\"elementor-button-content-wrapper\">\n\t\t\t\t\t\t\t\t\t<span class=\"elementor-button-text\">M\u00c1S INFO<\/span>\n\t\t\t\t\t<\/span>\n\t\t\t\t\t<\/a>\n\t\t\t\t<\/div>\n\t\t\t\t\t\t\t\t<\/div>\n\t\t\t\t<\/div>\n\t\t\t\t\t<\/div>\n\t\t<\/div>\n\t\t\t\t<div class=\"elementor-column elementor-col-50 elementor-top-column elementor-element elementor-element-0f241fe\" data-id=\"0f241fe\" data-element_type=\"column\">\n\t\t\t<div class=\"elementor-widget-wrap elementor-element-populated\">\n\t\t\t\t\t\t<div class=\"elementor-element elementor-element-7645bb9 elementor-invisible elementor-widget elementor-widget-image\" data-id=\"7645bb9\" data-element_type=\"widget\" data-settings=\"{&quot;_animation&quot;:&quot;fadeInRight&quot;}\" data-widget_type=\"image.default\">\n\t\t\t\t<div class=\"elementor-widget-container\">\n\t\t\t\t\t\t\t\t\t\t\t\t\t\t\t<img decoding=\"async\" width=\"800\" height=\"800\" src=\"https:\/\/nueva.cbint.org\/wp-content\/uploads\/2023\/10\/nuevos-amigos-1024x1024.jpg\" class=\"attachment-large size-large wp-image-310\" alt=\"\" srcset=\"https:\/\/nueva.cbint.org\/wp-content\/uploads\/2023\/10\/nuevos-amigos-1024x1024.jpg 1024w, https:\/\/nueva.cbint.org\/wp-content\/uploads\/2023\/10\/nuevos-amigos-300x300.jpg 300w, https:\/\/nueva.cbint.org\/wp-content\/uploads\/2023\/10\/nuevos-amigos-100x100.jpg 100w, https:\/\/nueva.cbint.org\/wp-content\/uploads\/2023\/10\/nuevos-amigos-600x600.jpg 600w, https:\/\/nueva.cbint.org\/wp-content\/uploads\/2023\/10\/nuevos-amigos-150x150.jpg 150w, https:\/\/nueva.cbint.org\/wp-content\/uploads\/2023\/10\/nuevos-amigos-768x768.jpg 768w, https:\/\/nueva.cbint.org\/wp-content\/uploads\/2023\/10\/nuevos-amigos.jpg 1417w\" sizes=\"(max-width: 800px) 100vw, 800px\" \/>\t\t\t\t\t\t\t\t\t\t\t\t\t\t\t<\/div>\n\t\t\t\t<\/div>\n\t\t\t\t\t<\/div>\n\t\t<\/div>\n\t\t\t\t\t<\/div>\n\t\t<\/section>\n\t\t\t\t<section class=\"elementor-section elementor-top-section elementor-element elementor-element-ccaf90b elementor-section-height-min-height elementor-section-content-middle elementor-section-boxed elementor-section-height-default elementor-section-items-middle\" data-id=\"ccaf90b\" data-element_type=\"section\" data-settings=\"{&quot;background_background&quot;:&quot;classic&quot;}\">\n\t\t\t\t\t\t<div class=\"elementor-container elementor-column-gap-default\">\n\t\t\t\t\t<div class=\"elementor-column elementor-col-50 elementor-top-column elementor-element elementor-element-95cb51e\" data-id=\"95cb51e\" data-element_type=\"column\">\n\t\t\t<div class=\"elementor-widget-wrap elementor-element-populated\">\n\t\t\t\t\t\t<div class=\"elementor-element elementor-element-ec0cc76 elementor-widget elementor-widget-spacer\" data-id=\"ec0cc76\" data-element_type=\"widget\" data-widget_type=\"spacer.default\">\n\t\t\t\t<div class=\"elementor-widget-container\">\n\t\t\t\t\t\t\t<div class=\"elementor-spacer\">\n\t\t\t<div class=\"elementor-spacer-inner\"><\/div>\n\t\t<\/div>\n\t\t\t\t\t\t<\/div>\n\t\t\t\t<\/div>\n\t\t\t\t<div class=\"elementor-element elementor-element-1c6306c elementor-invisible elementor-widget elementor-widget-image\" data-id=\"1c6306c\" data-element_type=\"widget\" data-settings=\"{&quot;_animation&quot;:&quot;fadeInLeft&quot;}\" data-widget_type=\"image.default\">\n\t\t\t\t<div class=\"elementor-widget-container\">\n\t\t\t\t\t\t\t\t\t\t\t\t\t\t\t<img decoding=\"async\" width=\"800\" height=\"800\" src=\"https:\/\/nueva.cbint.org\/wp-content\/uploads\/2023\/10\/cuidado-1024x1024.jpg\" class=\"attachment-large size-large wp-image-317\" alt=\"\" srcset=\"https:\/\/nueva.cbint.org\/wp-content\/uploads\/2023\/10\/cuidado-1024x1024.jpg 1024w, https:\/\/nueva.cbint.org\/wp-content\/uploads\/2023\/10\/cuidado-300x300.jpg 300w, https:\/\/nueva.cbint.org\/wp-content\/uploads\/2023\/10\/cuidado-100x100.jpg 100w, https:\/\/nueva.cbint.org\/wp-content\/uploads\/2023\/10\/cuidado-600x600.jpg 600w, https:\/\/nueva.cbint.org\/wp-content\/uploads\/2023\/10\/cuidado-150x150.jpg 150w, https:\/\/nueva.cbint.org\/wp-content\/uploads\/2023\/10\/cuidado-768x768.jpg 768w, https:\/\/nueva.cbint.org\/wp-content\/uploads\/2023\/10\/cuidado.jpg 1417w\" sizes=\"(max-width: 800px) 100vw, 800px\" \/>\t\t\t\t\t\t\t\t\t\t\t\t\t\t\t<\/div>\n\t\t\t\t<\/div>\n\t\t\t\t\t<\/div>\n\t\t<\/div>\n\t\t\t\t<div class=\"elementor-column elementor-col-50 elementor-top-column elementor-element elementor-element-63483b2\" data-id=\"63483b2\" data-element_type=\"column\">\n\t\t\t<div class=\"elementor-widget-wrap elementor-element-populated\">\n\t\t\t\t\t\t<div class=\"elementor-element elementor-element-e7d1f33 elementor-invisible elementor-widget elementor-widget-heading\" data-id=\"e7d1f33\" data-element_type=\"widget\" data-settings=\"{&quot;_animation&quot;:&quot;fadeInDown&quot;}\" data-widget_type=\"heading.default\">\n\t\t\t\t<div class=\"elementor-widget-container\">\n\t\t\t\t\t<h2 class=\"elementor-heading-title elementor-size-default\">C\u00e9lulas de Cuidado<\/h2>\t\t\t\t<\/div>\n\t\t\t\t<\/div>\n\t\t\t\t<div class=\"elementor-element elementor-element-24ef1f4 elementor-widget elementor-widget-text-editor\" data-id=\"24ef1f4\" data-element_type=\"widget\" data-widget_type=\"text-editor.default\">\n\t\t\t\t<div class=\"elementor-widget-container\">\n\t\t\t\t\t\t\t\t\t<div class=\"col-md-5   text-right text-xs-center\"><p>En las c\u00e9lulas y los grupos de amistad encontrar\u00e1s los amigos que est\u00e1s buscando para continuar creciendo en Dios, mientras te diviertes, aprendes y eres amado.<\/p><\/div>\t\t\t\t\t\t\t\t<\/div>\n\t\t\t\t<\/div>\n\t\t\t\t<div class=\"elementor-element elementor-element-11de33a elementor-align-left elementor-widget elementor-widget-button\" data-id=\"11de33a\" data-element_type=\"widget\" data-widget_type=\"button.default\">\n\t\t\t\t<div class=\"elementor-widget-container\">\n\t\t\t\t\t\t\t\t\t<div class=\"elementor-button-wrapper\">\n\t\t\t\t\t<a class=\"elementor-button elementor-button-link elementor-size-lg\" href=\"https:\/\/docs.google.com\/forms\/d\/e\/1FAIpQLSdAoo-rFRqImatoFzb3cyXWL8CxpglwDqd8fSiQ0Hg_NI2_ig\/viewform\">\n\t\t\t\t\t\t<span class=\"elementor-button-content-wrapper\">\n\t\t\t\t\t\t\t\t\t<span class=\"elementor-button-text\">M\u00c1S INFO<\/span>\n\t\t\t\t\t<\/span>\n\t\t\t\t\t<\/a>\n\t\t\t\t<\/div>\n\t\t\t\t\t\t\t\t<\/div>\n\t\t\t\t<\/div>\n\t\t\t\t\t<\/div>\n\t\t<\/div>\n\t\t\t\t\t<\/div>\n\t\t<\/section>\n\t\t\t\t<section class=\"elementor-section elementor-top-section elementor-element elementor-element-919dde7 elementor-section-height-min-height elementor-section-content-middle elementor-section-boxed elementor-section-height-default elementor-section-items-middle\" data-id=\"919dde7\" data-element_type=\"section\" data-settings=\"{&quot;background_background&quot;:&quot;classic&quot;}\">\n\t\t\t\t\t\t<div class=\"elementor-container elementor-column-gap-default\">\n\t\t\t\t\t<div class=\"elementor-column elementor-col-50 elementor-top-column elementor-element elementor-element-bcd6652\" data-id=\"bcd6652\" data-element_type=\"column\">\n\t\t\t<div class=\"elementor-widget-wrap elementor-element-populated\">\n\t\t\t\t\t\t<div class=\"elementor-element elementor-element-461b2f4 elementor-invisible elementor-widget elementor-widget-heading\" data-id=\"461b2f4\" data-element_type=\"widget\" data-settings=\"{&quot;_animation&quot;:&quot;fadeInDown&quot;}\" data-widget_type=\"heading.default\">\n\t\t\t\t<div class=\"elementor-widget-container\">\n\t\t\t\t\t<h2 class=\"elementor-heading-title elementor-size-default\">Redil<\/h2>\t\t\t\t<\/div>\n\t\t\t\t<\/div>\n\t\t\t\t<div class=\"elementor-element elementor-element-6227920 elementor-widget elementor-widget-text-editor\" data-id=\"6227920\" data-element_type=\"widget\" data-widget_type=\"text-editor.default\">\n\t\t\t\t<div class=\"elementor-widget-container\">\n\t\t\t\t\t\t\t\t\t<div class=\"col-md-5 text-right text-xs-center\"><p>Es una herramienta desarrollada por CBI, que te permitir\u00e1 tener toda la informaci\u00f3n necesaria para: pastorear, liderar y desarrollar a las personas que Dios ha colocado bajo tu responsabilidad ministerial.<\/p><\/div>\t\t\t\t\t\t\t\t<\/div>\n\t\t\t\t<\/div>\n\t\t\t\t<div class=\"elementor-element elementor-element-dde4d5f elementor-align-left elementor-widget elementor-widget-button\" data-id=\"dde4d5f\" data-element_type=\"widget\" data-widget_type=\"button.default\">\n\t\t\t\t<div class=\"elementor-widget-container\">\n\t\t\t\t\t\t\t\t\t<div class=\"elementor-button-wrapper\">\n\t\t\t\t\t<a class=\"elementor-button elementor-button-link elementor-size-lg\" href=\"https:\/\/cbint.redil.co\/\">\n\t\t\t\t\t\t<span class=\"elementor-button-content-wrapper\">\n\t\t\t\t\t\t\t\t\t<span class=\"elementor-button-text\">M\u00c1S INFO<\/span>\n\t\t\t\t\t<\/span>\n\t\t\t\t\t<\/a>\n\t\t\t\t<\/div>\n\t\t\t\t\t\t\t\t<\/div>\n\t\t\t\t<\/div>\n\t\t\t\t<div class=\"elementor-element elementor-element-d87383e elementor-widget elementor-widget-spacer\" data-id=\"d87383e\" data-element_type=\"widget\" data-widget_type=\"spacer.default\">\n\t\t\t\t<div class=\"elementor-widget-container\">\n\t\t\t\t\t\t\t<div class=\"elementor-spacer\">\n\t\t\t<div class=\"elementor-spacer-inner\"><\/div>\n\t\t<\/div>\n\t\t\t\t\t\t<\/div>\n\t\t\t\t<\/div>\n\t\t\t\t\t<\/div>\n\t\t<\/div>\n\t\t\t\t<div class=\"elementor-column elementor-col-50 elementor-top-column elementor-element elementor-element-20aaa67\" data-id=\"20aaa67\" data-element_type=\"column\">\n\t\t\t<div class=\"elementor-widget-wrap elementor-element-populated\">\n\t\t\t\t\t\t<div class=\"elementor-element elementor-element-c205c94 elementor-invisible elementor-widget elementor-widget-image\" data-id=\"c205c94\" data-element_type=\"widget\" data-settings=\"{&quot;_animation&quot;:&quot;fadeInRight&quot;}\" data-widget_type=\"image.default\">\n\t\t\t\t<div class=\"elementor-widget-container\">\n\t\t\t\t\t\t\t\t\t\t\t\t\t\t\t<img loading=\"lazy\" decoding=\"async\" width=\"800\" height=\"800\" src=\"https:\/\/nueva.cbint.org\/wp-content\/uploads\/2023\/10\/redil-1024x1024.jpg\" class=\"attachment-large size-large wp-image-312\" alt=\"\" srcset=\"https:\/\/nueva.cbint.org\/wp-content\/uploads\/2023\/10\/redil-1024x1024.jpg 1024w, https:\/\/nueva.cbint.org\/wp-content\/uploads\/2023\/10\/redil-300x300.jpg 300w, https:\/\/nueva.cbint.org\/wp-content\/uploads\/2023\/10\/redil-100x100.jpg 100w, https:\/\/nueva.cbint.org\/wp-content\/uploads\/2023\/10\/redil-600x600.jpg 600w, https:\/\/nueva.cbint.org\/wp-content\/uploads\/2023\/10\/redil-150x150.jpg 150w, https:\/\/nueva.cbint.org\/wp-content\/uploads\/2023\/10\/redil-768x768.jpg 768w, https:\/\/nueva.cbint.org\/wp-content\/uploads\/2023\/10\/redil.jpg 1417w\" sizes=\"(max-width: 800px) 100vw, 800px\" \/>\t\t\t\t\t\t\t\t\t\t\t\t\t\t\t<\/div>\n\t\t\t\t<\/div>\n\t\t\t\t\t<\/div>\n\t\t<\/div>\n\t\t\t\t\t<\/div>\n\t\t<\/section>\n\t\t<div class=\"elementor-element elementor-element-a0c556d e-flex e-con-boxed e-con e-parent\" data-id=\"a0c556d\" data-element_type=\"container\">\n\t\t\t\t\t<div class=\"e-con-inner\">\n\t\t\t\t<div class=\"elementor-element elementor-element-2b769a1 elementor-widget elementor-widget-spacer\" data-id=\"2b769a1\" data-element_type=\"widget\" data-widget_type=\"spacer.default\">\n\t\t\t\t<div class=\"elementor-widget-container\">\n\t\t\t\t\t\t\t<div class=\"elementor-spacer\">\n\t\t\t<div class=\"elementor-spacer-inner\"><\/div>\n\t\t<\/div>\n\t\t\t\t\t\t<\/div>\n\t\t\t\t<\/div>\n\t\t\t\t\t<\/div>\n\t\t\t\t<\/div>\n\t\t\t\t<\/div>\n\t\t","protected":false},"excerpt":{"rendered":"<p>\u00bfTe gustar\u00eda tener amigos? \u00a1Estamos emocionados que est\u00e9s aqu\u00ed!En CBI creemos que estar juntos es mejor. Nuestro mayor deseo es ayudarte en tu crecimiento espiritual y que descubrastodo lo bueno que Dios tiene para ti. Prs Rafael y Adriana G\u00f3mez Consejer\u00eda &#038; Oraci\u00f3n Sabemos el poder que tiene la oraci\u00f3n y por eso queremos orar [&hellip;]<\/p>\n","protected":false},"author":1,"featured_media":0,"parent":0,"menu_order":0,"comment_status":"closed","ping_status":"closed","template":"","meta":{"footnotes":""},"_links":{"self":[{"href":"https:\/\/nueva.cbint.org\/index.php?rest_route=\/wp\/v2\/pages\/80"}],"collection":[{"href":"https:\/\/nueva.cbint.org\/index.php?rest_route=\/wp\/v2\/pages"}],"about":[{"href":"https:\/\/nueva.cbint.org\/index.php?rest_route=\/wp\/v2\/types\/page"}],"author":[{"embeddable":true,"href":"https:\/\/nueva.cbint.org\/index.php?rest_route=\/wp\/v2\/users\/1"}],"replies":[{"embeddable":true,"href":"https:\/\/nueva.cbint.org\/index.php?rest_route=%2Fwp%2Fv2%2Fcomments&post=80"}],"version-history":[{"count":47,"href":"https:\/\/nueva.cbint.org\/index.php?rest_route=\/wp\/v2\/pages\/80\/revisions"}],"predecessor-version":[{"id":415,"href":"https:\/\/nueva.cbint.org\/index.php?rest_route=\/wp\/v2\/pages\/80\/revisions\/415"}],"wp:attachment":[{"href":"https:\/\/nueva.cbint.org\/index.php?rest_route=%2Fwp%2Fv2%2Fmedia&parent=80"}],"curies":[{"name":"wp","href":"https:\/\/api.w.org\/{rel}","templated":true}]}}